{"id":1069,"date":"2020-12-10T16:18:35","date_gmt":"2020-12-10T16:18:35","guid":{"rendered":"http:\/\/cecilemartinhoulgatte.com\/?page_id=1069"},"modified":"2022-03-26T22:51:25","modified_gmt":"2022-03-26T22:51:25","slug":"rencontres","status":"publish","type":"page","link":"https:\/\/cecilemartinhoulgatte.com\/en\/rencontres\/","title":{"rendered":"Rencontres"},"content":{"rendered":"<figure class=\"wp-block-image size-large\"><img data-recalc-dims=\"1\" loading=\"lazy\" decoding=\"async\" width=\"840\" height=\"630\" data-attachment-id=\"1070\" data-permalink=\"https:\/\/cecilemartinhoulgatte.com\/en\/2013-06-23-14-01-23\/\" data-orig-file=\"https:\/\/i0.wp.com\/cecilemartinhoulgatte.com\/wp-content\/uploads\/2020\/12\/2013-06-23-14.01.23.jpg?fit=3264%2C2448&amp;ssl=1\" data-orig-size=\"3264,2448\" data-comments-opened=\"1\" data-image-meta=\"{&quot;aperture&quot;:&quot;2.4&quot;,&quot;credit&quot;:&quot;&quot;,&quot;camera&quot;:&quot;iPhone 5&quot;,&quot;caption&quot;:&quot;&quot;,&quot;created_timestamp&quot;:&quot;1371996083&quot;,&quot;copyright&quot;:&quot;&quot;,&quot;focal_length&quot;:&quot;4.13&quot;,&quot;iso&quot;:&quot;160&quot;,&quot;shutter_speed&quot;:&quot;0.05&quot;,&quot;title&quot;:&quot;&quot;,&quot;orientation&quot;:&quot;1&quot;,&quot;latitude&quot;:&quot;18.5635&quot;,&quot;longitude&quot;:&quot;-72.290333333333&quot;}\" data-image-title=\"2013-06-23-14.01.23\" data-image-description=\"\" data-image-caption=\"\" data-large-file=\"https:\/\/i0.wp.com\/cecilemartinhoulgatte.com\/wp-content\/uploads\/2020\/12\/2013-06-23-14.01.23.jpg?fit=840%2C630&amp;ssl=1\" src=\"https:\/\/i0.wp.com\/cecilemartinhoulgatte.com\/wp-content\/uploads\/2020\/12\/2013-06-23-14.01.23.jpg?resize=840%2C630&#038;ssl=1\" alt=\"\" class=\"wp-image-1070\"\/><figcaption>Hommage \u00e0 l\u2019enfant, artiste inconnu<br><br>Ce tableau abstrait que je trouve saisissant de beaut\u00e9 a \u00e9t\u00e9 cr\u00e9\u00e9 par un enfant\u00a0qui n\u2019avait jamais dessin\u00e9. Lors d\u2019un atelier de peinture dans une ville tente de Port-au-Prince, dans une mis\u00e8re extr\u00eame et dans le tourment d\u2019un apr\u00e8s tremblement de terre, \u00a0il cr\u00e9a, \u00a0avec concentration et admiration, cette peinture \u00e0 la gouache. Moment \u00ab\u00a0d\u2019\u00e9tincelle divine\u00a0\u00bb (Saint Jean Paul II) pour l\u2019enfant\u2026 et pour qui le regardait peindre.<br><\/figcaption><\/figure>\n\n\n\n<figure class=\"wp-block-image size-large\"><img data-recalc-dims=\"1\" loading=\"lazy\" decoding=\"async\" width=\"840\" height=\"630\" data-attachment-id=\"1071\" data-permalink=\"https:\/\/cecilemartinhoulgatte.com\/en\/2013-06-23-14-14-34\/\" data-orig-file=\"https:\/\/i0.wp.com\/cecilemartinhoulgatte.com\/wp-content\/uploads\/2020\/12\/2013-06-23-14.14.34.jpg?fit=3264%2C2448&amp;ssl=1\" data-orig-size=\"3264,2448\" data-comments-opened=\"1\" data-image-meta=\"{&quot;aperture&quot;:&quot;2.4&quot;,&quot;credit&quot;:&quot;&quot;,&quot;camera&quot;:&quot;iPhone 5&quot;,&quot;caption&quot;:&quot;&quot;,&quot;created_timestamp&quot;:&quot;1371996874&quot;,&quot;copyright&quot;:&quot;&quot;,&quot;focal_length&quot;:&quot;4.13&quot;,&quot;iso&quot;:&quot;250&quot;,&quot;shutter_speed&quot;:&quot;0.05&quot;,&quot;title&quot;:&quot;&quot;,&quot;orientation&quot;:&quot;1&quot;,&quot;latitude&quot;:&quot;18.563333333333&quot;,&quot;longitude&quot;:&quot;-72.288166666667&quot;}\" data-image-title=\"2013-06-23-14.14.34\" data-image-description=\"\" data-image-caption=\"\" data-large-file=\"https:\/\/i0.wp.com\/cecilemartinhoulgatte.com\/wp-content\/uploads\/2020\/12\/2013-06-23-14.14.34.jpg?fit=840%2C630&amp;ssl=1\" src=\"https:\/\/i0.wp.com\/cecilemartinhoulgatte.com\/wp-content\/uploads\/2020\/12\/2013-06-23-14.14.34.jpg?resize=840%2C630&#038;ssl=1\" alt=\"\" class=\"wp-image-1071\"\/><\/figure>\n\n\n<div class=\"wp-block-image\">\n<figure class=\"aligncenter size-large\"><img data-recalc-dims=\"1\" loading=\"lazy\" decoding=\"async\" width=\"840\" height=\"1053\" data-attachment-id=\"1072\" data-permalink=\"https:\/\/cecilemartinhoulgatte.com\/en\/img_0241\/\" data-orig-file=\"https:\/\/i0.wp.com\/cecilemartinhoulgatte.com\/wp-content\/uploads\/2020\/12\/img_0241.jpg?fit=977%2C1225&amp;ssl=1\" data-orig-size=\"977,1225\" data-comments-opened=\"1\" data-image-meta=\"{&quot;aperture&quot;:&quot;2.8&quot;,&quot;credit&quot;:&quot;&quot;,&quot;camera&quot;:&quot;iPhone 4&quot;,&quot;caption&quot;:&quot;&quot;,&quot;created_timestamp&quot;:&quot;1309172447&quot;,&quot;copyright&quot;:&quot;&quot;,&quot;focal_length&quot;:&quot;3.85&quot;,&quot;iso&quot;:&quot;500&quot;,&quot;shutter_speed&quot;:&quot;0.066666666666667&quot;,&quot;title&quot;:&quot;&quot;,&quot;orientation&quot;:&quot;1&quot;,&quot;latitude&quot;:&quot;18.5635&quot;,&quot;longitude&quot;:&quot;-72.301166666667&quot;}\" data-image-title=\"img_0241\" data-image-description=\"\" data-image-caption=\"\" data-large-file=\"https:\/\/i0.wp.com\/cecilemartinhoulgatte.com\/wp-content\/uploads\/2020\/12\/img_0241.jpg?fit=817%2C1024&amp;ssl=1\" src=\"https:\/\/i0.wp.com\/cecilemartinhoulgatte.com\/wp-content\/uploads\/2020\/12\/img_0241.jpg?resize=840%2C1053&#038;ssl=1\" alt=\"\" class=\"wp-image-1072\"\/><\/figure>\n<\/div>\n\n<div class=\"wp-block-image\">\n<figure class=\"aligncenter size-large\"><img data-recalc-dims=\"1\" loading=\"lazy\" decoding=\"async\" width=\"840\" height=\"630\" data-attachment-id=\"1073\" data-permalink=\"https:\/\/cecilemartinhoulgatte.com\/en\/dsc01355\/\" data-orig-file=\"https:\/\/i0.wp.com\/cecilemartinhoulgatte.com\/wp-content\/uploads\/2020\/12\/dsc01355.jpg?fit=2592%2C1944&amp;ssl=1\" data-orig-size=\"2592,1944\" data-comments-opened=\"1\" data-image-meta=\"{&quot;aperture&quot;:&quot;2.7&quot;,&quot;credit&quot;:&quot;&quot;,&quot;camera&quot;:&quot;DSC-W530&quot;,&quot;caption&quot;:&quot;&quot;,&quot;created_timestamp&quot;:&quot;1393492761&quot;,&quot;copyright&quot;:&quot;&quot;,&quot;focal_length&quot;:&quot;4.7&quot;,&quot;iso&quot;:&quot;200&quot;,&quot;shutter_speed&quot;:&quot;0.033333333333333&quot;,&quot;title&quot;:&quot;&quot;,&quot;orientation&quot;:&quot;1&quot;}\" data-image-title=\"dsc01355\" data-image-description=\"\" data-image-caption=\"\" data-large-file=\"https:\/\/i0.wp.com\/cecilemartinhoulgatte.com\/wp-content\/uploads\/2020\/12\/dsc01355.jpg?fit=840%2C630&amp;ssl=1\" src=\"https:\/\/i0.wp.com\/cecilemartinhoulgatte.com\/wp-content\/uploads\/2020\/12\/dsc01355.jpg?resize=840%2C630&#038;ssl=1\" alt=\"\" class=\"wp-image-1073\"\/><\/figure>\n<\/div>\n\n<div class=\"wp-block-image\">\n<figure class=\"aligncenter size-large\"><img data-recalc-dims=\"1\" loading=\"lazy\" decoding=\"async\" width=\"840\" height=\"1119\" data-attachment-id=\"1090\" data-permalink=\"https:\/\/cecilemartinhoulgatte.com\/en\/img_1646\/\" data-orig-file=\"https:\/\/i0.wp.com\/cecilemartinhoulgatte.com\/wp-content\/uploads\/2020\/12\/img_1646.jpg?fit=1780%2C2372&amp;ssl=1\" data-orig-size=\"1780,2372\" data-comments-opened=\"1\" data-image-meta=\"{&quot;aperture&quot;:&quot;2.8&quot;,&quot;credit&quot;:&quot;&quot;,&quot;camera&quot;:&quot;Canon PowerShot A1200&quot;,&quot;caption&quot;:&quot;&quot;,&quot;created_timestamp&quot;:&quot;1307620826&quot;,&quot;copyright&quot;:&quot;&quot;,&quot;focal_length&quot;:&quot;5&quot;,&quot;iso&quot;:&quot;800&quot;,&quot;shutter_speed&quot;:&quot;0.05&quot;,&quot;title&quot;:&quot;&quot;,&quot;orientation&quot;:&quot;1&quot;}\" data-image-title=\"IMG_1646\" data-image-description=\"\" data-image-caption=\"\" data-large-file=\"https:\/\/i0.wp.com\/cecilemartinhoulgatte.com\/wp-content\/uploads\/2020\/12\/img_1646.jpg?fit=768%2C1024&amp;ssl=1\" src=\"https:\/\/i0.wp.com\/cecilemartinhoulgatte.com\/wp-content\/uploads\/2020\/12\/img_1646.jpg?resize=840%2C1119&#038;ssl=1\" alt=\"\" class=\"wp-image-1090\"\/><\/figure>\n<\/div>\n\n<div class=\"wp-block-image\">\n<figure class=\"aligncenter size-large\"><img data-recalc-dims=\"1\" loading=\"lazy\" decoding=\"async\" width=\"840\" height=\"1120\" data-attachment-id=\"1075\" data-permalink=\"https:\/\/cecilemartinhoulgatte.com\/en\/ange-nb\/\" data-orig-file=\"https:\/\/i0.wp.com\/cecilemartinhoulgatte.com\/wp-content\/uploads\/2020\/12\/ange-nb.jpg?fit=2017%2C2689&amp;ssl=1\" data-orig-size=\"2017,2689\" data-comments-opened=\"1\" data-image-meta=\"{&quot;aperture&quot;:&quot;2.4&quot;,&quot;credit&quot;:&quot;&quot;,&quot;camera&quot;:&quot;iPhone 5&quot;,&quot;caption&quot;:&quot;&quot;,&quot;created_timestamp&quot;:&quot;1371905421&quot;,&quot;copyright&quot;:&quot;&quot;,&quot;focal_length&quot;:&quot;4.13&quot;,&quot;iso&quot;:&quot;64&quot;,&quot;shutter_speed&quot;:&quot;0.0083333333333333&quot;,&quot;title&quot;:&quot;&quot;,&quot;orientation&quot;:&quot;1&quot;,&quot;latitude&quot;:&quot;18.563666666667&quot;,&quot;longitude&quot;:&quot;-72.302166666667&quot;}\" data-image-title=\"ange-nb\" data-image-description=\"\" data-image-caption=\"\" data-large-file=\"https:\/\/i0.wp.com\/cecilemartinhoulgatte.com\/wp-content\/uploads\/2020\/12\/ange-nb.jpg?fit=768%2C1024&amp;ssl=1\" src=\"https:\/\/i0.wp.com\/cecilemartinhoulgatte.com\/wp-content\/uploads\/2020\/12\/ange-nb.jpg?resize=840%2C1120&#038;ssl=1\" alt=\"\" class=\"wp-image-1075\"\/><\/figure>\n<\/div>\n\n<div class=\"wp-block-image\">\n<figure class=\"aligncenter size-large\"><img data-recalc-dims=\"1\" loading=\"lazy\" decoding=\"async\" width=\"840\" height=\"630\" data-attachment-id=\"1076\" data-permalink=\"https:\/\/cecilemartinhoulgatte.com\/en\/img_1596nbzoom\/\" data-orig-file=\"https:\/\/i0.wp.com\/cecilemartinhoulgatte.com\/wp-content\/uploads\/2020\/12\/img_1596nbzoom.jpg?fit=1166%2C874&amp;ssl=1\" data-orig-size=\"1166,874\" data-comments-opened=\"1\" data-image-meta=\"{&quot;aperture&quot;:&quot;2.8&quot;,&quot;credit&quot;:&quot;&quot;,&quot;camera&quot;:&quot;Canon PowerShot A1200&quot;,&quot;caption&quot;:&quot;&quot;,&quot;created_timestamp&quot;:&quot;1307533883&quot;,&quot;copyright&quot;:&quot;&quot;,&quot;focal_length&quot;:&quot;5&quot;,&quot;iso&quot;:&quot;160&quot;,&quot;shutter_speed&quot;:&quot;0.01&quot;,&quot;title&quot;:&quot;&quot;,&quot;orientation&quot;:&quot;1&quot;}\" data-image-title=\"img_1596nbzoom\" data-image-description=\"\" data-image-caption=\"\" data-large-file=\"https:\/\/i0.wp.com\/cecilemartinhoulgatte.com\/wp-content\/uploads\/2020\/12\/img_1596nbzoom.jpg?fit=840%2C630&amp;ssl=1\" src=\"https:\/\/i0.wp.com\/cecilemartinhoulgatte.com\/wp-content\/uploads\/2020\/12\/img_1596nbzoom.jpg?resize=840%2C630&#038;ssl=1\" alt=\"\" class=\"wp-image-1076\"\/><\/figure>\n<\/div>\n\n\n<figure class=\"wp-block-image size-large\"><img data-recalc-dims=\"1\" loading=\"lazy\" decoding=\"async\" width=\"840\" height=\"1120\" data-attachment-id=\"1290\" data-permalink=\"https:\/\/cecilemartinhoulgatte.com\/en\/haiti-and-trip-049-2\/\" data-orig-file=\"https:\/\/i0.wp.com\/cecilemartinhoulgatte.com\/wp-content\/uploads\/2021\/01\/haiti-and-trip-049-2.jpg?fit=2096%2C2795&amp;ssl=1\" data-orig-size=\"2096,2795\" data-comments-opened=\"1\" data-image-meta=\"{&quot;aperture&quot;:&quot;3.2&quot;,&quot;credit&quot;:&quot;&quot;,&quot;camera&quot;:&quot;COOLPIX S4000&quot;,&quot;caption&quot;:&quot;&quot;,&quot;created_timestamp&quot;:&quot;1607510351&quot;,&quot;copyright&quot;:&quot;&quot;,&quot;focal_length&quot;:&quot;4.9&quot;,&quot;iso&quot;:&quot;800&quot;,&quot;shutter_speed&quot;:&quot;0.008&quot;,&quot;title&quot;:&quot;&quot;,&quot;orientation&quot;:&quot;1&quot;}\" data-image-title=\"haiti and trip 049 (2)\" data-image-description=\"\" data-image-caption=\"\" data-large-file=\"https:\/\/i0.wp.com\/cecilemartinhoulgatte.com\/wp-content\/uploads\/2021\/01\/haiti-and-trip-049-2.jpg?fit=768%2C1024&amp;ssl=1\" src=\"https:\/\/i0.wp.com\/cecilemartinhoulgatte.com\/wp-content\/uploads\/2021\/01\/haiti-and-trip-049-2.jpg?resize=840%2C1120&#038;ssl=1\" alt=\"\" class=\"wp-image-1290\"\/><\/figure>","protected":false},"excerpt":{"rendered":"","protected":false},"author":113334406,"featured_media":0,"parent":0,"menu_order":0,"comment_status":"closed","ping_status":"closed","template":"","meta":{"_coblocks_attr":"","_coblocks_dimensions":"","_coblocks_responsive_height":"","_coblocks_accordion_ie_support":"","_crdt_document":"","advanced_seo_description":"","jetpack_seo_html_title":"","jetpack_seo_noindex":false,"jetpack_post_was_ever_published":false,"footnotes":""},"class_list":["post-1069","page","type-page","status-publish","hentry","empty-entry-meta"],"jetpack_likes_enabled":true,"jetpack_sharing_enabled":true,"jetpack_shortlink":"https:\/\/wp.me\/P87JO5-hf","amp_enabled":true,"_links":{"self":[{"href":"https:\/\/cecilemartinhoulgatte.com\/en\/wp-json\/wp\/v2\/pages\/1069","targetHints":{"allow":["GET"]}}],"collection":[{"href":"https:\/\/cecilemartinhoulgatte.com\/en\/wp-json\/wp\/v2\/pages"}],"about":[{"href":"https:\/\/cecilemartinhoulgatte.com\/en\/wp-json\/wp\/v2\/types\/page"}],"author":[{"embeddable":true,"href":"https:\/\/cecilemartinhoulgatte.com\/en\/wp-json\/wp\/v2\/users\/113334406"}],"replies":[{"embeddable":true,"href":"https:\/\/cecilemartinhoulgatte.com\/en\/wp-json\/wp\/v2\/comments?post=1069"}],"version-history":[{"count":6,"href":"https:\/\/cecilemartinhoulgatte.com\/en\/wp-json\/wp\/v2\/pages\/1069\/revisions"}],"predecessor-version":[{"id":3110,"href":"https:\/\/cecilemartinhoulgatte.com\/en\/wp-json\/wp\/v2\/pages\/1069\/revisions\/3110"}],"wp:attachment":[{"href":"https:\/\/cecilemartinhoulgatte.com\/en\/wp-json\/wp\/v2\/media?parent=1069"}],"curies":[{"name":"wp","href":"https:\/\/api.w.org\/{rel}","templated":true}]}}